{"id":7439,"date":"2025-02-22T05:16:24","date_gmt":"2025-02-22T05:16:24","guid":{"rendered":"https:\/\/sandbox.resortcarpediem.com\/?page_id=7439"},"modified":"2025-03-11T18:12:42","modified_gmt":"2025-03-11T18:12:42","slug":"termos-condicoes","status":"publish","type":"page","link":"https:\/\/sandbox.resortcarpediem.com\/index.php\/termos-condicoes\/","title":{"rendered":"Termos e Condi\u00e7\u00f5es"},"content":{"rendered":"\n<div class=\"wp-block-columns alignwide is-layout-flex wp-container-core-columns-is-layout-9d6595d7 wp-block-columns-is-layout-flex\">\n<div class=\"wp-block-column is-layout-flow wp-block-column-is-layout-flow\" style=\"flex-basis:100%\">\n<div class=\"wp-block-group\"><div class=\"wp-block-group__inner-container is-layout-constrained wp-block-group-is-layout-constrained\">\n<!DOCTYPE html>\n<html lang=\"pt-BR\">\n<head>\n    <meta charset=\"UTF-8\">\n    <meta name=\"viewport\" content=\"width=device-width, initial-scale=1.0\">\n    <title>Termos e Condi\u00e7\u00f5es<\/title>\n    <style>\n        body, html {\n            margin: 0;\n            padding: 0;\n            box-sizing: border-box;\n            width: 100%;\n            height: 100%;\n            overflow-x: hidden;\n            font-family: Arial, sans-serif;\n            background-color: #f8f8f8;\n        }\n\n        *, *::before, *::after {\n            box-sizing: inherit;\n        }\n\n        \/* Fundo do modal *\/\n        .modal-overlay {\n            position: fixed;\n            top: 0;\n            left: 0;\n            width: 100%;\n            height: 100%;\n            background-color: rgba(0, 0, 0, 0.6);\n            display: flex;\n            align-items: flex-start;\n            justify-content: center;\n            padding: 40px 20px 20px 20px; \/* Espa\u00e7o extra no topo *\/\n            overflow-y: auto;\n        }\n\n        \/* Conte\u00fado do modal *\/\n        .modal-content {\n            background-color: white;\n            border-radius: 8px;\n            padding: 20px;\n            max-width: 800px;\n            width: 100%;\n            box-shadow: 0 4px 8px rgba(0, 0, 0, 0.1);\n            margin-top: 20px;\n            text-align: center; \/* Centraliza todos os elementos internos *\/\n        }\n\n        h1 {\n            background-color: #3642a1;\n            color: white;\n            padding: 6px 12px;\n            border-radius: 3px;\n            display: inline-block;\n            font-size: 2.5vw; \/* Responsivo *\/\n            margin: 0 auto; \/* Centraliza horizontalmente *\/\n        }\n\n        p {\n            text-align: justify;\n            line-height: 1.6;\n            margin-bottom: 1em;\n        }\n\n        a {\n            color: #333399;\n        }\n\n        \/* Ajustes para tablets *\/\n        @media (max-width: 768px) {\n            h1 {\n                font-size: 5vw; \n            }\n        }\n\n        \/* Ajustes para telem\u00f3veis *\/\n        @media (max-width: 480px) {\n            .modal-content {\n                padding: 15px;\n            }\n\n            p {\n                font-size: 14px;\n            }\n\n            h1 {\n                font-size: 6vw; \n            }\n        }\n    <\/style>\n<\/head>\n<body>\n\n    <!-- Modal -->\n    <div class=\"modal-overlay\">\n        <div class=\"modal-content\">\n            <h1>Termos &amp; Condi\u00e7\u00f5es<\/h1>\n            <br\/>\n            <p>Ao aceder a este site, o utilizador compromete-se a aceitar e a respeitar os presentes termos e condi\u00e7\u00f5es de utiliza\u00e7\u00e3o. A informa\u00e7\u00e3o contida neste site \u2013 designadamente, o nome de dom\u00ednio, as marcas, os log\u00f3tipos, indica\u00e7\u00f5es, desenhos, ilustra\u00e7\u00f5es, fotografias, textos, gr\u00e1ficos e outros ficheiros \u2013 \u00e9 propriedade do Resort Tropical CARPE DIEM, e encontra-se protegida pela legisla\u00e7\u00e3o em vigor.<\/p>\n            \n            <p>O seu download, c\u00f3pia, modifica\u00e7\u00e3o, transmiss\u00e3o, distribui\u00e7\u00e3o, reprodu\u00e7\u00e3o ou reenvio, parcial ou integral, para fins comerciais, sem uma autoriza\u00e7\u00e3o pr\u00e9via e escrita do Resort Tropical CARPE DIEM, \u00e9 expressamente proibido e pun\u00edvel por lei.<\/p>\n            \n            <p>A utiliza\u00e7\u00e3o e\/ou divulga\u00e7\u00e3o externa, expressamente autorizada pelo Resort Tropical CARPE DIEM, da informa\u00e7\u00e3o contida neste site, implica a men\u00e7\u00e3o expressa da origem e autoria dessa informa\u00e7\u00e3o.<\/p>\n            \n            <p>O utilizador \u00e9 o \u00fanico e exclusivo respons\u00e1vel por todas e quaisquer informa\u00e7\u00f5es que forne\u00e7a neste site.<\/p>\n            \n            <p>O Resort Tropical CARPE DIEM proceder\u00e1 ao tratamento, para fins de fornecimento de servi\u00e7os e de gest\u00e3o administrativa e comercial, da informa\u00e7\u00e3o disponibilizada. O utilizador deste site disp\u00f5e do direito de acesso, modifica\u00e7\u00e3o e supress\u00e3o das informa\u00e7\u00f5es que fornece ao Resort Tropical CARPE DIEM.<\/p>\n            \n            <p>Para o efeito, dever\u00e1 enviar uma comunica\u00e7\u00e3o dirigida ao Resort Tropical CARPE DIEM, para <a href=\"mailto:geral@resortcarpediem.com\">geral@resortcarpediem.com<\/a>. O utilizador deste site n\u00e3o poder\u00e1 fazer uso de qualquer software ou aplica\u00e7\u00e3o que possa interferir com o normal funcionamento do mesmo.<\/p>\n            \n            <p>Este site pode conter refer\u00eancias publicit\u00e1rias e\/ou hiperliga\u00e7\u00f5es a outros sites, sobre os quais o Resort Tropical CARPE DIEM, n\u00e3o exerce qualquer controlo, n\u00e3o sendo respons\u00e1vel pelo seu conte\u00fado. A inclus\u00e3o de refer\u00eancias publicit\u00e1rias e\/ou de hiperliga\u00e7\u00f5es a outros sites consubstancia uma refer\u00eancia meramente informativa, sendo o Resort Tropical CARPE DIEM, inteiramente alheio aos respectivos conte\u00fados, servi\u00e7os e\/ou produtos oferecidos.<\/p>\n            \n            <p>O acesso a determinados conte\u00fados deste site poder\u00e1 ser reservado a utilizadores registados.<\/p>\n            \n            <p>O Resort Tropical CARPE DIEM desenvolve um trabalho cont\u00ednuo de actualiza\u00e7\u00e3o e verifica\u00e7\u00e3o das informa\u00e7\u00f5es e\/ou ferramentas disponibilizadas neste site.<\/p>\n            \n            <p>No entanto, o utilizador n\u00e3o poder\u00e1 responsabilizar o Resort Tropical CARPE DIEM caso os conte\u00fados apresentados neste site apresentem, pontualmente, algum lapso ou anomalia t\u00e9cnica.<\/p>\n            \n            <p>O Resort Tropical CARPE DIEM poder\u00e1 efectuar, sem pr\u00e9-aviso, modifica\u00e7\u00f5es, actualiza\u00e7\u00f5es ou correc\u00e7\u00f5es \u00e0 informa\u00e7\u00e3o disponibilizada.<\/p>\n            \n            <p>Resort Tropical CARPE DIEM - Maio de 2019<\/p>\n        <\/div>\n    <\/div>\n\n<\/body>\n<\/html>\n\n<\/div><\/div>\n<\/div>\n<\/div>\n","protected":false},"excerpt":{"rendered":"<p>Termos e Condi\u00e7\u00f5es Termos &amp; Condi\u00e7\u00f5es Ao aceder a este site, o utilizador compromete-se a aceitar e a respeitar os presentes termos e condi\u00e7\u00f5es de utiliza\u00e7\u00e3o. A informa\u00e7\u00e3o contida neste site \u2013 designadamente, o nome de dom\u00ednio, as marcas, os log\u00f3tipos, indica\u00e7\u00f5es, desenhos, ilustra\u00e7\u00f5es, fotografias, textos, gr\u00e1ficos e outros ficheiros \u2013 \u00e9 propriedade do Resort [&hellip;]<\/p>\n","protected":false},"author":1,"featured_media":0,"parent":0,"menu_order":0,"comment_status":"closed","ping_status":"closed","template":"termos.php","meta":{"om_disable_all_campaigns":false,"_monsterinsights_skip_tracking":false,"_monsterinsights_sitenote_active":false,"_monsterinsights_sitenote_note":"","_monsterinsights_sitenote_category":0,"_uf_show_specific_survey":0,"_uf_disable_surveys":false,"footnotes":""},"class_list":["post-7439","page","type-page","status-publish","hentry"],"aioseo_notices":[],"yoast_head":"<!-- This site is optimized with the Yoast SEO plugin v21.5 - https:\/\/yoast.com\/wordpress\/plugins\/seo\/ -->\n<title>Termos e Condi\u00e7\u00f5es - Carpe Diem<\/title>\n<meta name=\"robots\" content=\"index, follow, max-snippet:-1, max-image-preview:large, max-video-preview:-1\" \/>\n<link rel=\"canonical\" href=\"https:\/\/sandbox.resortcarpediem.com\/index.php\/termos-condicoes\/\" \/>\n<meta property=\"og:locale\" content=\"pt_PT\" \/>\n<meta property=\"og:type\" content=\"article\" \/>\n<meta property=\"og:title\" content=\"Termos e Condi\u00e7\u00f5es - Carpe Diem\" \/>\n<meta property=\"og:description\" content=\"Termos e Condi\u00e7\u00f5es Termos &amp; Condi\u00e7\u00f5es Ao aceder a este site, o utilizador compromete-se a aceitar e a respeitar os presentes termos e condi\u00e7\u00f5es de utiliza\u00e7\u00e3o. A informa\u00e7\u00e3o contida neste site \u2013 designadamente, o nome de dom\u00ednio, as marcas, os log\u00f3tipos, indica\u00e7\u00f5es, desenhos, ilustra\u00e7\u00f5es, fotografias, textos, gr\u00e1ficos e outros ficheiros \u2013 \u00e9 propriedade do Resort [&hellip;]\" \/>\n<meta property=\"og:url\" content=\"https:\/\/sandbox.resortcarpediem.com\/index.php\/termos-condicoes\/\" \/>\n<meta property=\"og:site_name\" content=\"Carpe Diem\" \/>\n<meta property=\"article:modified_time\" content=\"2025-03-11T18:12:42+00:00\" \/>\n<meta name=\"twitter:card\" content=\"summary_large_image\" \/>\n<meta name=\"twitter:label1\" content=\"Tempo estimado de leitura\" \/>\n\t<meta name=\"twitter:data1\" content=\"2 minutos\" \/>\n<script type=\"application\/ld+json\" class=\"yoast-schema-graph\">{\"@context\":\"https:\/\/schema.org\",\"@graph\":[{\"@type\":\"WebPage\",\"@id\":\"https:\/\/sandbox.resortcarpediem.com\/index.php\/termos-condicoes\/\",\"url\":\"https:\/\/sandbox.resortcarpediem.com\/index.php\/termos-condicoes\/\",\"name\":\"Termos e Condi\u00e7\u00f5es - Carpe Diem\",\"isPartOf\":{\"@id\":\"https:\/\/sandbox.resortcarpediem.com\/#website\"},\"datePublished\":\"2025-02-22T05:16:24+00:00\",\"dateModified\":\"2025-03-11T18:12:42+00:00\",\"breadcrumb\":{\"@id\":\"https:\/\/sandbox.resortcarpediem.com\/index.php\/termos-condicoes\/#breadcrumb\"},\"inLanguage\":\"pt-PT\",\"potentialAction\":[{\"@type\":\"ReadAction\",\"target\":[\"https:\/\/sandbox.resortcarpediem.com\/index.php\/termos-condicoes\/\"]}]},{\"@type\":\"BreadcrumbList\",\"@id\":\"https:\/\/sandbox.resortcarpediem.com\/index.php\/termos-condicoes\/#breadcrumb\",\"itemListElement\":[{\"@type\":\"ListItem\",\"position\":1,\"name\":\"In\u00edcio\",\"item\":\"https:\/\/sandbox.resortcarpediem.com\/\"},{\"@type\":\"ListItem\",\"position\":2,\"name\":\"Termos e Condi\u00e7\u00f5es\"}]},{\"@type\":\"WebSite\",\"@id\":\"https:\/\/sandbox.resortcarpediem.com\/#website\",\"url\":\"https:\/\/sandbox.resortcarpediem.com\/\",\"name\":\"Carpe Diem\",\"description\":\"\",\"publisher\":{\"@id\":\"https:\/\/sandbox.resortcarpediem.com\/#organization\"},\"potentialAction\":[{\"@type\":\"SearchAction\",\"target\":{\"@type\":\"EntryPoint\",\"urlTemplate\":\"https:\/\/sandbox.resortcarpediem.com\/?s={search_term_string}\"},\"query-input\":\"required name=search_term_string\"}],\"inLanguage\":\"pt-PT\"},{\"@type\":\"Organization\",\"@id\":\"https:\/\/sandbox.resortcarpediem.com\/#organization\",\"name\":\"Carpe Diem\",\"url\":\"https:\/\/sandbox.resortcarpediem.com\/\",\"logo\":{\"@type\":\"ImageObject\",\"inLanguage\":\"pt-PT\",\"@id\":\"https:\/\/sandbox.resortcarpediem.com\/#\/schema\/logo\/image\/\",\"url\":\"https:\/\/sandbox.resortcarpediem.com\/wp-content\/uploads\/2023\/10\/Carpe-Diem-Logo2.png\",\"contentUrl\":\"https:\/\/sandbox.resortcarpediem.com\/wp-content\/uploads\/2023\/10\/Carpe-Diem-Logo2.png\",\"width\":3208,\"height\":1132,\"caption\":\"Carpe Diem\"},\"image\":{\"@id\":\"https:\/\/sandbox.resortcarpediem.com\/#\/schema\/logo\/image\/\"}}]}<\/script>\n<!-- \/ Yoast SEO plugin. -->","yoast_head_json":{"title":"Termos e Condi\u00e7\u00f5es - Carpe Diem","robots":{"index":"index","follow":"follow","max-snippet":"max-snippet:-1","max-image-preview":"max-image-preview:large","max-video-preview":"max-video-preview:-1"},"canonical":"https:\/\/sandbox.resortcarpediem.com\/index.php\/termos-condicoes\/","og_locale":"pt_PT","og_type":"article","og_title":"Termos e Condi\u00e7\u00f5es - Carpe Diem","og_description":"Termos e Condi\u00e7\u00f5es Termos &amp; Condi\u00e7\u00f5es Ao aceder a este site, o utilizador compromete-se a aceitar e a respeitar os presentes termos e condi\u00e7\u00f5es de utiliza\u00e7\u00e3o. A informa\u00e7\u00e3o contida neste site \u2013 designadamente, o nome de dom\u00ednio, as marcas, os log\u00f3tipos, indica\u00e7\u00f5es, desenhos, ilustra\u00e7\u00f5es, fotografias, textos, gr\u00e1ficos e outros ficheiros \u2013 \u00e9 propriedade do Resort [&hellip;]","og_url":"https:\/\/sandbox.resortcarpediem.com\/index.php\/termos-condicoes\/","og_site_name":"Carpe Diem","article_modified_time":"2025-03-11T18:12:42+00:00","twitter_card":"summary_large_image","twitter_misc":{"Tempo estimado de leitura":"2 minutos"},"schema":{"@context":"https:\/\/schema.org","@graph":[{"@type":"WebPage","@id":"https:\/\/sandbox.resortcarpediem.com\/index.php\/termos-condicoes\/","url":"https:\/\/sandbox.resortcarpediem.com\/index.php\/termos-condicoes\/","name":"Termos e Condi\u00e7\u00f5es - Carpe Diem","isPartOf":{"@id":"https:\/\/sandbox.resortcarpediem.com\/#website"},"datePublished":"2025-02-22T05:16:24+00:00","dateModified":"2025-03-11T18:12:42+00:00","breadcrumb":{"@id":"https:\/\/sandbox.resortcarpediem.com\/index.php\/termos-condicoes\/#breadcrumb"},"inLanguage":"pt-PT","potentialAction":[{"@type":"ReadAction","target":["https:\/\/sandbox.resortcarpediem.com\/index.php\/termos-condicoes\/"]}]},{"@type":"BreadcrumbList","@id":"https:\/\/sandbox.resortcarpediem.com\/index.php\/termos-condicoes\/#breadcrumb","itemListElement":[{"@type":"ListItem","position":1,"name":"In\u00edcio","item":"https:\/\/sandbox.resortcarpediem.com\/"},{"@type":"ListItem","position":2,"name":"Termos e Condi\u00e7\u00f5es"}]},{"@type":"WebSite","@id":"https:\/\/sandbox.resortcarpediem.com\/#website","url":"https:\/\/sandbox.resortcarpediem.com\/","name":"Carpe Diem","description":"","publisher":{"@id":"https:\/\/sandbox.resortcarpediem.com\/#organization"},"potentialAction":[{"@type":"SearchAction","target":{"@type":"EntryPoint","urlTemplate":"https:\/\/sandbox.resortcarpediem.com\/?s={search_term_string}"},"query-input":"required name=search_term_string"}],"inLanguage":"pt-PT"},{"@type":"Organization","@id":"https:\/\/sandbox.resortcarpediem.com\/#organization","name":"Carpe Diem","url":"https:\/\/sandbox.resortcarpediem.com\/","logo":{"@type":"ImageObject","inLanguage":"pt-PT","@id":"https:\/\/sandbox.resortcarpediem.com\/#\/schema\/logo\/image\/","url":"https:\/\/sandbox.resortcarpediem.com\/wp-content\/uploads\/2023\/10\/Carpe-Diem-Logo2.png","contentUrl":"https:\/\/sandbox.resortcarpediem.com\/wp-content\/uploads\/2023\/10\/Carpe-Diem-Logo2.png","width":3208,"height":1132,"caption":"Carpe Diem"},"image":{"@id":"https:\/\/sandbox.resortcarpediem.com\/#\/schema\/logo\/image\/"}}]}},"_links":{"self":[{"href":"https:\/\/sandbox.resortcarpediem.com\/index.php\/wp-json\/wp\/v2\/pages\/7439","targetHints":{"allow":["GET"]}}],"collection":[{"href":"https:\/\/sandbox.resortcarpediem.com\/index.php\/wp-json\/wp\/v2\/pages"}],"about":[{"href":"https:\/\/sandbox.resortcarpediem.com\/index.php\/wp-json\/wp\/v2\/types\/page"}],"author":[{"embeddable":true,"href":"https:\/\/sandbox.resortcarpediem.com\/index.php\/wp-json\/wp\/v2\/users\/1"}],"replies":[{"embeddable":true,"href":"https:\/\/sandbox.resortcarpediem.com\/index.php\/wp-json\/wp\/v2\/comments?post=7439"}],"version-history":[{"count":29,"href":"https:\/\/sandbox.resortcarpediem.com\/index.php\/wp-json\/wp\/v2\/pages\/7439\/revisions"}],"predecessor-version":[{"id":7674,"href":"https:\/\/sandbox.resortcarpediem.com\/index.php\/wp-json\/wp\/v2\/pages\/7439\/revisions\/7674"}],"wp:attachment":[{"href":"https:\/\/sandbox.resortcarpediem.com\/index.php\/wp-json\/wp\/v2\/media?parent=7439"}],"curies":[{"name":"wp","href":"https:\/\/api.w.org\/{rel}","templated":true}]}}