{"id":5251,"date":"2023-12-01T23:52:04","date_gmt":"2023-12-01T23:52:04","guid":{"rendered":"https:\/\/carpe-wp.yellen-corp.com\/?page_id=5251"},"modified":"2024-12-24T09:46:38","modified_gmt":"2024-12-24T09:46:38","slug":"eco-surf-resort-carpe-diem","status":"publish","type":"page","link":"https:\/\/sandbox.resortcarpediem.com\/index.php\/eco-surf-resort-carpe-diem\/","title":{"rendered":"Eco surf Resort Carpe Diem"},"content":{"rendered":"\t\t<div data-elementor-type=\"wp-page\" data-elementor-id=\"5251\" class=\"elementor elementor-5251\" data-elementor-post-type=\"page\">\n\t\t\t\t\t\t\t\t\t<section class=\"has_eae_slider elementor-section elementor-top-section elementor-element elementor-element-aa8ab38 elementor-section-height-min-height elementor-section-boxed elementor-section-height-default elementor-section-items-middle wpr-particle-no wpr-jarallax-no wpr-parallax-no wpr-sticky-section-no\" data-id=\"aa8ab38\" data-element_type=\"section\" data-settings=\"{&quot;background_background&quot;:&quot;classic&quot;}\">\n\t\t\t\t\t\t\t<div class=\"elementor-background-overlay\"><\/div>\n\t\t\t\t\t\t\t<div class=\"elementor-container elementor-column-gap-default\">\n\t\t\t\t\t<div class=\"has_eae_slider elementor-column elementor-col-100 elementor-top-column elementor-element elementor-element-b1c8def\" data-id=\"b1c8def\" data-element_type=\"column\">\n\t\t\t<div class=\"elementor-widget-wrap elementor-element-populated\">\n\t\t\t\t\t\t\t\t<div class=\"elementor-element elementor-element-703de0d elementor-widget-mobile__width-initial elementor-widget elementor-widget-heading\" data-id=\"703de0d\" data-element_type=\"widget\" data-widget_type=\"heading.default\">\n\t\t\t\t<div class=\"elementor-widget-container\">\n\t\t\t<style>\/*! elementor - v3.16.0 - 09-10-2023 *\/\n.elementor-heading-title{padding:0;margin:0;line-height:1}.elementor-widget-heading .elementor-heading-title[class*=elementor-size-]>a{color:inherit;font-size:inherit;line-height:inherit}.elementor-widget-heading .elementor-heading-title.elementor-size-small{font-size:15px}.elementor-widget-heading .elementor-heading-title.elementor-size-medium{font-size:19px}.elementor-widget-heading .elementor-heading-title.elementor-size-large{font-size:29px}.elementor-widget-heading .elementor-heading-title.elementor-size-xl{font-size:39px}.elementor-widget-heading .elementor-heading-title.elementor-size-xxl{font-size:59px}<\/style><h1 class=\"elementor-heading-title elementor-size-default\">Eco Carpe Diem<\/h1>\t\t<\/div>\n\t\t\t\t<\/div>\n\t\t\t\t\t<\/div>\n\t\t<\/div>\n\t\t\t\t\t\t\t<\/div>\n\t\t<\/section>\n\t\t<div class=\"has_eae_slider elementor-element elementor-element-8e294a2 e-flex e-con-boxed wpr-particle-no wpr-jarallax-no wpr-parallax-no wpr-sticky-section-no e-con e-parent\" data-id=\"8e294a2\" data-element_type=\"container\" data-settings=\"{&quot;content_width&quot;:&quot;boxed&quot;}\" data-core-v316-plus=\"true\">\n\t\t\t\t\t<div class=\"e-con-inner\">\n\t\t<div class=\"has_eae_slider elementor-element elementor-element-72bf8cb e-con-full e-flex wpr-particle-no wpr-jarallax-no wpr-parallax-no wpr-sticky-section-no e-con e-child\" data-id=\"72bf8cb\" data-element_type=\"container\" data-settings=\"{&quot;content_width&quot;:&quot;full&quot;}\">\n\t\t\t\t<div class=\"elementor-element elementor-element-dde0f75 animated-slow elementor-invisible elementor-widget elementor-widget-heading\" data-id=\"dde0f75\" data-element_type=\"widget\" data-settings=\"{&quot;_animation&quot;:&quot;fadeIn&quot;}\" data-widget_type=\"heading.default\">\n\t\t\t\t<div class=\"elementor-widget-container\">\n\t\t\t<h2 class=\"elementor-heading-title elementor-size-default\">FAZEMOS DA REFEI\u00c7\u00c3O UM MOMENTO SAGRADO.<\/h2>\t\t<\/div>\n\t\t\t\t<\/div>\n\t\t\t\t<div class=\"elementor-element elementor-element-770e856 elementor-widget elementor-widget-heading\" data-id=\"770e856\" data-element_type=\"widget\" data-widget_type=\"heading.default\">\n\t\t\t\t<div class=\"elementor-widget-container\">\n\t\t\t<h4 class=\"elementor-heading-title elementor-size-default\">Fa\u00e7a a sua reserva!<\/h4>\t\t<\/div>\n\t\t\t\t<\/div>\n\t\t\t\t<div class=\"elementor-element elementor-element-96e26ed wpr-price-list-old-position-before elementor-widget elementor-widget-wpr-price-list\" data-id=\"96e26ed\" data-element_type=\"widget\" data-widget_type=\"wpr-price-list.default\">\n\t\t\t\t<div class=\"elementor-widget-container\">\n\t\t\t\n\t\t<div class=\"wpr-price-list\">\n\t\t\t\n\t\t\t\n\t\t\t\t<div class=\"wpr-price-list-item elementor-repeater-item-eefb2bd elementor-clearfix\">\n\t\t\t\t\t\t\t\n\t\t\t\t\n\t\t\t\t\t<div class=\"wpr-price-list-content\">\n\t\t\t\t\t\t\n\t\t\t\t\t\t<div class=\"wpr-price-list-heading\">\n\t\t\t\t\t\t\t\n\t\t\t\t\t\t\t\t\t\t\t\t\t\t\n\t\t\t\t\t\t\t\t\t\t\t\t\t\n\t\t\t\t\t\t\t\t<span class=\"wpr-price-list-separator\"><\/span>\n\t\t\t\t\t\t\t\n\t\t\t\t\t\t\t\n\t\t\t\t\t\t<\/div>\n\t\t\t\t\t\t\n\t\t\t\t\t\t\t\t\t\t\t\t\t<div class=\"wpr-price-list-description\">Dos sabores do Mar \u00e0s texturas da Terra, o nosso restaurante privilegia os produtos locais e nacionais. Temos um barco que diariamente nos traz peixe fresco da nossa costa e desenvolvemos parcerias com fornecedores de todo o Pa\u00eds. Qualquer que seja a ocasi\u00e3o, conte com o nosso Chef e com a nossa equipa para tornar os seus momentos memor\u00e1veis. Temos uma preocupa\u00e7\u00e3o especial com o ambiente, buscamos a predomin\u00e2ncia do verde, da vegeta\u00e7\u00e3o e escolhemos materiais naturais. O desenho de luz \u00e9 tamb\u00e9m feito por n\u00f3s, de forma a tornar o ambiente acolhedor e quente!<\/div>\n\t\t\t\t\t\t\t\t\t\t\t<\/div>\n\n\t\t\t\t<\/div>\n\n\t\t\t\t\t\t<\/div>\n\t\t\t\t<\/div>\n\t\t\t\t<\/div>\n\t\t\t\t<\/div>\n\t\t<div class=\"has_eae_slider elementor-element elementor-element-a04b708 e-con-full e-flex wpr-particle-no wpr-jarallax-no wpr-parallax-no wpr-sticky-section-no e-con e-child\" data-id=\"a04b708\" data-element_type=\"container\" data-settings=\"{&quot;content_width&quot;:&quot;full&quot;,&quot;background_background&quot;:&quot;classic&quot;}\">\n\t\t\t\t<\/div>\n\t\t<div class=\"has_eae_slider elementor-element elementor-element-dd9515d e-con-full e-flex wpr-particle-no wpr-jarallax-no wpr-parallax-no wpr-sticky-section-no e-con e-child\" data-id=\"dd9515d\" data-element_type=\"container\" data-settings=\"{&quot;content_width&quot;:&quot;full&quot;,&quot;background_background&quot;:&quot;classic&quot;}\">\n\t\t\t\t<\/div>\n\t\t\t\t\t<\/div>\n\t\t\t\t<\/div>\n\t\t<div class=\"has_eae_slider elementor-element elementor-element-44ae8d2 e-flex e-con-boxed wpr-particle-no wpr-jarallax-no wpr-parallax-no wpr-sticky-section-no e-con e-parent\" data-id=\"44ae8d2\" data-element_type=\"container\" data-settings=\"{&quot;background_background&quot;:&quot;classic&quot;,&quot;content_width&quot;:&quot;boxed&quot;}\" data-core-v316-plus=\"true\">\n\t\t\t\t\t<div class=\"e-con-inner\">\n\t\t<div class=\"has_eae_slider elementor-element elementor-element-db3fd63 e-con-full e-flex wpr-particle-no wpr-jarallax-no wpr-parallax-no wpr-sticky-section-no e-con e-child\" data-id=\"db3fd63\" data-element_type=\"container\" data-settings=\"{&quot;background_background&quot;:&quot;classic&quot;,&quot;content_width&quot;:&quot;full&quot;}\">\n\t\t\t\t<div class=\"elementor-element elementor-element-2c0b896 elementor-tablet-align-left elementor-mobile-align-center elementor-align-center elementor-widget elementor-widget-button\" data-id=\"2c0b896\" data-element_type=\"widget\" data-widget_type=\"button.default\">\n\t\t\t\t<div class=\"elementor-widget-container\">\n\t\t\t\t\t<div class=\"elementor-button-wrapper\">\n\t\t\t<a class=\"elementor-button elementor-button-link elementor-size-md elementor-animation-float\" href=\"https:\/\/sandbox.resortcarpediem.com\/wp-content\/uploads\/2023\/12\/MENU_Eco-Surf-Resort_Carpe-Diem_PT_11.23.pdf\" target=\"_blank\">\n\t\t\t\t\t\t<span class=\"elementor-button-content-wrapper\">\n\t\t\t\t\t\t<span class=\"elementor-button-icon elementor-align-icon-right\">\n\t\t\t\t<i aria-hidden=\"true\" class=\"hm hm-arrow-right\"><\/i>\t\t\t<\/span>\n\t\t\t\t\t\t<span class=\"elementor-button-text\">VER CARD\u00c1PIO (PT)<\/span>\n\t\t<\/span>\n\t\t\t\t\t<\/a>\n\t\t<\/div>\n\t\t\t\t<\/div>\n\t\t\t\t<\/div>\n\t\t\t\t<\/div>\n\t\t<div class=\"has_eae_slider elementor-element elementor-element-6cd5613 e-con-full e-flex wpr-particle-no wpr-jarallax-no wpr-parallax-no wpr-sticky-section-no e-con e-child\" data-id=\"6cd5613\" data-element_type=\"container\" data-settings=\"{&quot;background_background&quot;:&quot;classic&quot;,&quot;content_width&quot;:&quot;full&quot;}\">\n\t\t\t\t<div class=\"elementor-element elementor-element-ef45355 elementor-widget-tablet__width-inherit elementor-widget-mobile__width-inherit elementor-widget elementor-widget-text-editor\" data-id=\"ef45355\" data-element_type=\"widget\" data-widget_type=\"text-editor.default\">\n\t\t\t\t<div class=\"elementor-widget-container\">\n\t\t\t<style>\/*! elementor - v3.16.0 - 09-10-2023 *\/\n.elementor-widget-text-editor.elementor-drop-cap-view-stacked .elementor-drop-cap{background-color:#69727d;color:#fff}.elementor-widget-text-editor.elementor-drop-cap-view-framed .elementor-drop-cap{color:#69727d;border:3px solid;background-color:transparent}.elementor-widget-text-editor:not(.elementor-drop-cap-view-default) .elementor-drop-cap{margin-top:8px}.elementor-widget-text-editor:not(.elementor-drop-cap-view-default) .elementor-drop-cap-letter{width:1em;height:1em}.elementor-widget-text-editor .elementor-drop-cap{float:left;text-align:center;line-height:1;font-size:50px}.elementor-widget-text-editor .elementor-drop-cap-letter{display:inline-block}<\/style>\t\t\t\t<p>\u00a0<\/p><p>\u00a0<\/p>\t\t\t\t\t\t<\/div>\n\t\t\t\t<\/div>\n\t\t\t\t<div class=\"elementor-element elementor-element-3dad6d7 elementor-tablet-align-left elementor-mobile-align-center elementor-align-center elementor-widget elementor-widget-button\" data-id=\"3dad6d7\" data-element_type=\"widget\" data-widget_type=\"button.default\">\n\t\t\t\t<div class=\"elementor-widget-container\">\n\t\t\t\t\t<div class=\"elementor-button-wrapper\">\n\t\t\t<a class=\"elementor-button elementor-button-link elementor-size-md elementor-animation-float\" href=\"https:\/\/sandbox.resortcarpediem.com\/wp-content\/uploads\/2023\/12\/MENU_Eco-Surf-Resort_Carpe-Diem_EN_09.2023.pdf\" target=\"_blank\">\n\t\t\t\t\t\t<span class=\"elementor-button-content-wrapper\">\n\t\t\t\t\t\t<span class=\"elementor-button-icon elementor-align-icon-right\">\n\t\t\t\t<i aria-hidden=\"true\" class=\"hm hm-arrow-right\"><\/i>\t\t\t<\/span>\n\t\t\t\t\t\t<span class=\"elementor-button-text\">VER CARD\u00c1PIO (ENG)<\/span>\n\t\t<\/span>\n\t\t\t\t\t<\/a>\n\t\t<\/div>\n\t\t\t\t<\/div>\n\t\t\t\t<\/div>\n\t\t\t\t<\/div>\n\t\t\t\t\t<\/div>\n\t\t\t\t<\/div>\n\t\t\t\t\t\t\t<\/div>\n\t\t","protected":false},"excerpt":{"rendered":"<p>Eco Carpe Diem FAZEMOS DA REFEI\u00c7\u00c3O UM MOMENTO SAGRADO. Fa\u00e7a a sua reserva! Dos sabores do Mar \u00e0s texturas da Terra, o nosso restaurante privilegia os produtos locais e nacionais. Temos um barco que diariamente nos traz peixe fresco da nossa costa e desenvolvemos parcerias com fornecedores de todo o Pa\u00eds. Qualquer que seja a [&hellip;]<\/p>\n","protected":false},"author":1,"featured_media":0,"parent":0,"menu_order":0,"comment_status":"closed","ping_status":"closed","template":"elementor_canvas","meta":{"om_disable_all_campaigns":false,"_monsterinsights_skip_tracking":false,"_monsterinsights_sitenote_active":false,"_monsterinsights_sitenote_note":"","_monsterinsights_sitenote_category":0,"_uf_show_specific_survey":0,"_uf_disable_surveys":false,"footnotes":""},"class_list":["post-5251","page","type-page","status-publish","hentry"],"aioseo_notices":[],"yoast_head":"<!-- This site is optimized with the Yoast SEO plugin v21.5 - https:\/\/yoast.com\/wordpress\/plugins\/seo\/ -->\n<title>Eco surf Resort Carpe Diem - Carpe Diem<\/title>\n<meta name=\"robots\" content=\"index, follow, max-snippet:-1, max-image-preview:large, max-video-preview:-1\" \/>\n<link rel=\"canonical\" href=\"https:\/\/sandbox.resortcarpediem.com\/index.php\/eco-surf-resort-carpe-diem\/\" \/>\n<meta property=\"og:locale\" content=\"pt_PT\" \/>\n<meta property=\"og:type\" content=\"article\" \/>\n<meta property=\"og:title\" content=\"Eco surf Resort Carpe Diem - Carpe Diem\" \/>\n<meta property=\"og:description\" content=\"Eco Carpe Diem FAZEMOS DA REFEI\u00c7\u00c3O UM MOMENTO SAGRADO. Fa\u00e7a a sua reserva! Dos sabores do Mar \u00e0s texturas da Terra, o nosso restaurante privilegia os produtos locais e nacionais. Temos um barco que diariamente nos traz peixe fresco da nossa costa e desenvolvemos parcerias com fornecedores de todo o Pa\u00eds. Qualquer que seja a [&hellip;]\" \/>\n<meta property=\"og:url\" content=\"https:\/\/sandbox.resortcarpediem.com\/index.php\/eco-surf-resort-carpe-diem\/\" \/>\n<meta property=\"og:site_name\" content=\"Carpe Diem\" \/>\n<meta property=\"article:modified_time\" content=\"2024-12-24T09:46:38+00:00\" \/>\n<meta name=\"twitter:card\" content=\"summary_large_image\" \/>\n<meta name=\"twitter:label1\" content=\"Tempo estimado de leitura\" \/>\n\t<meta name=\"twitter:data1\" content=\"1 minuto\" \/>\n<script type=\"application\/ld+json\" class=\"yoast-schema-graph\">{\"@context\":\"https:\/\/schema.org\",\"@graph\":[{\"@type\":\"WebPage\",\"@id\":\"https:\/\/sandbox.resortcarpediem.com\/index.php\/eco-surf-resort-carpe-diem\/\",\"url\":\"https:\/\/sandbox.resortcarpediem.com\/index.php\/eco-surf-resort-carpe-diem\/\",\"name\":\"Eco surf Resort Carpe Diem - Carpe Diem\",\"isPartOf\":{\"@id\":\"https:\/\/sandbox.resortcarpediem.com\/#website\"},\"datePublished\":\"2023-12-01T23:52:04+00:00\",\"dateModified\":\"2024-12-24T09:46:38+00:00\",\"breadcrumb\":{\"@id\":\"https:\/\/sandbox.resortcarpediem.com\/index.php\/eco-surf-resort-carpe-diem\/#breadcrumb\"},\"inLanguage\":\"pt-PT\",\"potentialAction\":[{\"@type\":\"ReadAction\",\"target\":[\"https:\/\/sandbox.resortcarpediem.com\/index.php\/eco-surf-resort-carpe-diem\/\"]}]},{\"@type\":\"BreadcrumbList\",\"@id\":\"https:\/\/sandbox.resortcarpediem.com\/index.php\/eco-surf-resort-carpe-diem\/#breadcrumb\",\"itemListElement\":[{\"@type\":\"ListItem\",\"position\":1,\"name\":\"In\u00edcio\",\"item\":\"https:\/\/sandbox.resortcarpediem.com\/\"},{\"@type\":\"ListItem\",\"position\":2,\"name\":\"Eco surf Resort Carpe Diem\"}]},{\"@type\":\"WebSite\",\"@id\":\"https:\/\/sandbox.resortcarpediem.com\/#website\",\"url\":\"https:\/\/sandbox.resortcarpediem.com\/\",\"name\":\"Carpe Diem\",\"description\":\"\",\"publisher\":{\"@id\":\"https:\/\/sandbox.resortcarpediem.com\/#organization\"},\"potentialAction\":[{\"@type\":\"SearchAction\",\"target\":{\"@type\":\"EntryPoint\",\"urlTemplate\":\"https:\/\/sandbox.resortcarpediem.com\/?s={search_term_string}\"},\"query-input\":\"required name=search_term_string\"}],\"inLanguage\":\"pt-PT\"},{\"@type\":\"Organization\",\"@id\":\"https:\/\/sandbox.resortcarpediem.com\/#organization\",\"name\":\"Carpe Diem\",\"url\":\"https:\/\/sandbox.resortcarpediem.com\/\",\"logo\":{\"@type\":\"ImageObject\",\"inLanguage\":\"pt-PT\",\"@id\":\"https:\/\/sandbox.resortcarpediem.com\/#\/schema\/logo\/image\/\",\"url\":\"https:\/\/sandbox.resortcarpediem.com\/wp-content\/uploads\/2023\/10\/Carpe-Diem-Logo2.png\",\"contentUrl\":\"https:\/\/sandbox.resortcarpediem.com\/wp-content\/uploads\/2023\/10\/Carpe-Diem-Logo2.png\",\"width\":3208,\"height\":1132,\"caption\":\"Carpe Diem\"},\"image\":{\"@id\":\"https:\/\/sandbox.resortcarpediem.com\/#\/schema\/logo\/image\/\"}}]}<\/script>\n<!-- \/ Yoast SEO plugin. -->","yoast_head_json":{"title":"Eco surf Resort Carpe Diem - Carpe Diem","robots":{"index":"index","follow":"follow","max-snippet":"max-snippet:-1","max-image-preview":"max-image-preview:large","max-video-preview":"max-video-preview:-1"},"canonical":"https:\/\/sandbox.resortcarpediem.com\/index.php\/eco-surf-resort-carpe-diem\/","og_locale":"pt_PT","og_type":"article","og_title":"Eco surf Resort Carpe Diem - Carpe Diem","og_description":"Eco Carpe Diem FAZEMOS DA REFEI\u00c7\u00c3O UM MOMENTO SAGRADO. Fa\u00e7a a sua reserva! Dos sabores do Mar \u00e0s texturas da Terra, o nosso restaurante privilegia os produtos locais e nacionais. Temos um barco que diariamente nos traz peixe fresco da nossa costa e desenvolvemos parcerias com fornecedores de todo o Pa\u00eds. Qualquer que seja a [&hellip;]","og_url":"https:\/\/sandbox.resortcarpediem.com\/index.php\/eco-surf-resort-carpe-diem\/","og_site_name":"Carpe Diem","article_modified_time":"2024-12-24T09:46:38+00:00","twitter_card":"summary_large_image","twitter_misc":{"Tempo estimado de leitura":"1 minuto"},"schema":{"@context":"https:\/\/schema.org","@graph":[{"@type":"WebPage","@id":"https:\/\/sandbox.resortcarpediem.com\/index.php\/eco-surf-resort-carpe-diem\/","url":"https:\/\/sandbox.resortcarpediem.com\/index.php\/eco-surf-resort-carpe-diem\/","name":"Eco surf Resort Carpe Diem - Carpe Diem","isPartOf":{"@id":"https:\/\/sandbox.resortcarpediem.com\/#website"},"datePublished":"2023-12-01T23:52:04+00:00","dateModified":"2024-12-24T09:46:38+00:00","breadcrumb":{"@id":"https:\/\/sandbox.resortcarpediem.com\/index.php\/eco-surf-resort-carpe-diem\/#breadcrumb"},"inLanguage":"pt-PT","potentialAction":[{"@type":"ReadAction","target":["https:\/\/sandbox.resortcarpediem.com\/index.php\/eco-surf-resort-carpe-diem\/"]}]},{"@type":"BreadcrumbList","@id":"https:\/\/sandbox.resortcarpediem.com\/index.php\/eco-surf-resort-carpe-diem\/#breadcrumb","itemListElement":[{"@type":"ListItem","position":1,"name":"In\u00edcio","item":"https:\/\/sandbox.resortcarpediem.com\/"},{"@type":"ListItem","position":2,"name":"Eco surf Resort Carpe Diem"}]},{"@type":"WebSite","@id":"https:\/\/sandbox.resortcarpediem.com\/#website","url":"https:\/\/sandbox.resortcarpediem.com\/","name":"Carpe Diem","description":"","publisher":{"@id":"https:\/\/sandbox.resortcarpediem.com\/#organization"},"potentialAction":[{"@type":"SearchAction","target":{"@type":"EntryPoint","urlTemplate":"https:\/\/sandbox.resortcarpediem.com\/?s={search_term_string}"},"query-input":"required name=search_term_string"}],"inLanguage":"pt-PT"},{"@type":"Organization","@id":"https:\/\/sandbox.resortcarpediem.com\/#organization","name":"Carpe Diem","url":"https:\/\/sandbox.resortcarpediem.com\/","logo":{"@type":"ImageObject","inLanguage":"pt-PT","@id":"https:\/\/sandbox.resortcarpediem.com\/#\/schema\/logo\/image\/","url":"https:\/\/sandbox.resortcarpediem.com\/wp-content\/uploads\/2023\/10\/Carpe-Diem-Logo2.png","contentUrl":"https:\/\/sandbox.resortcarpediem.com\/wp-content\/uploads\/2023\/10\/Carpe-Diem-Logo2.png","width":3208,"height":1132,"caption":"Carpe Diem"},"image":{"@id":"https:\/\/sandbox.resortcarpediem.com\/#\/schema\/logo\/image\/"}}]}},"_links":{"self":[{"href":"https:\/\/sandbox.resortcarpediem.com\/index.php\/wp-json\/wp\/v2\/pages\/5251","targetHints":{"allow":["GET"]}}],"collection":[{"href":"https:\/\/sandbox.resortcarpediem.com\/index.php\/wp-json\/wp\/v2\/pages"}],"about":[{"href":"https:\/\/sandbox.resortcarpediem.com\/index.php\/wp-json\/wp\/v2\/types\/page"}],"author":[{"embeddable":true,"href":"https:\/\/sandbox.resortcarpediem.com\/index.php\/wp-json\/wp\/v2\/users\/1"}],"replies":[{"embeddable":true,"href":"https:\/\/sandbox.resortcarpediem.com\/index.php\/wp-json\/wp\/v2\/comments?post=5251"}],"version-history":[{"count":34,"href":"https:\/\/sandbox.resortcarpediem.com\/index.php\/wp-json\/wp\/v2\/pages\/5251\/revisions"}],"predecessor-version":[{"id":7353,"href":"https:\/\/sandbox.resortcarpediem.com\/index.php\/wp-json\/wp\/v2\/pages\/5251\/revisions\/7353"}],"wp:attachment":[{"href":"https:\/\/sandbox.resortcarpediem.com\/index.php\/wp-json\/wp\/v2\/media?parent=5251"}],"curies":[{"name":"wp","href":"https:\/\/api.w.org\/{rel}","templated":true}]}}