{"id":3798,"date":"2023-10-27T12:11:24","date_gmt":"2023-10-27T12:11:24","guid":{"rendered":"https:\/\/carpe-wp.yellen-corp.com\/?page_id=3798"},"modified":"2024-11-16T13:51:52","modified_gmt":"2024-11-16T13:51:52","slug":"compra_express-sucesso","status":"publish","type":"page","link":"https:\/\/sandbox.resortcarpediem.com\/index.php\/compra_express-sucesso\/","title":{"rendered":""},"content":{"rendered":"<div style=\"display: flex; align-items: center; justify-content: center; min-height: 100vh; margin: 0; font-family: Arial, sans-serif; background-color: #f8f8f8; color: #333;\">\n<div style=\"max-width: 500px; text-align: center; padding: 40px; background-color: #fff; box-shadow: 0 4px 8px rgba(0, 0, 0, 0.1); border-radius: 8px;\">\n<h1 style=\"font-size: 24px; color: #5cb85c; margin: 20px 0 10px;\">Pagamento conclu\u00eddo com Sucesso!<\/h1>\n<p style=\"font-size: 16px; color: #555; margin: 0 0 20px;\">A sua reserva est\u00e1 confirmada!<br \/>\nVerifique a sua caixa de e-mail e prepara-se para uma experi\u00eancia incr\u00edvel.<br \/>\nObrigado por escolher-nos!<\/p>\n<p><a href=\"index.php\/book-now\" style=\"font-size: 16px; color: #fff; background-color: #5cb85c; padding:0px 20px 20px 20px; border: none; border-radius: 4px; cursor: pointer; transition: background-color 0.3s; display: inline-block\"><br \/>\nVoltar ao In\u00edcio<br \/>\n<\/a><\/p>\n<\/div>\n<\/div>\n","protected":false},"excerpt":{"rendered":"<p>Pagamento conclu\u00eddo com Sucesso! A sua reserva est\u00e1 confirmada! Verifique a sua caixa de e-mail e prepara-se para uma experi\u00eancia incr\u00edvel. Obrigado por escolher-nos! Voltar ao In\u00edcio<\/p>\n","protected":false},"author":1,"featured_media":0,"parent":0,"menu_order":0,"comment_status":"closed","ping_status":"closed","template":"","meta":{"om_disable_all_campaigns":false,"_monsterinsights_skip_tracking":false,"_monsterinsights_sitenote_active":false,"_monsterinsights_sitenote_note":"","_monsterinsights_sitenote_category":0,"_uf_show_specific_survey":0,"_uf_disable_surveys":false,"footnotes":""},"class_list":["post-3798","page","type-page","status-publish","hentry"],"aioseo_notices":[],"yoast_head":"<!-- This site is optimized with the Yoast SEO plugin v21.5 - https:\/\/yoast.com\/wordpress\/plugins\/seo\/ -->\n<title>- Carpe Diem<\/title>\n<meta name=\"robots\" content=\"index, follow, max-snippet:-1, max-image-preview:large, max-video-preview:-1\" \/>\n<link rel=\"canonical\" href=\"https:\/\/sandbox.resortcarpediem.com\/index.php\/compra_express-sucesso\/\" \/>\n<meta property=\"og:locale\" content=\"pt_PT\" \/>\n<meta property=\"og:type\" content=\"article\" \/>\n<meta property=\"og:title\" content=\"- Carpe Diem\" \/>\n<meta property=\"og:description\" content=\"Pagamento conclu\u00eddo com Sucesso! A sua reserva est\u00e1 confirmada! Verifique a sua caixa de e-mail e prepara-se para uma experi\u00eancia incr\u00edvel. Obrigado por escolher-nos! Voltar ao In\u00edcio\" \/>\n<meta property=\"og:url\" content=\"https:\/\/sandbox.resortcarpediem.com\/index.php\/compra_express-sucesso\/\" \/>\n<meta property=\"og:site_name\" content=\"Carpe Diem\" \/>\n<meta property=\"article:modified_time\" content=\"2024-11-16T13:51:52+00:00\" \/>\n<meta name=\"twitter:card\" content=\"summary_large_image\" \/>\n<meta name=\"twitter:label1\" content=\"Tempo estimado de leitura\" \/>\n\t<meta name=\"twitter:data1\" content=\"1 minuto\" \/>\n<script type=\"application\/ld+json\" class=\"yoast-schema-graph\">{\"@context\":\"https:\/\/schema.org\",\"@graph\":[{\"@type\":\"WebPage\",\"@id\":\"https:\/\/sandbox.resortcarpediem.com\/index.php\/compra_express-sucesso\/\",\"url\":\"https:\/\/sandbox.resortcarpediem.com\/index.php\/compra_express-sucesso\/\",\"name\":\"- Carpe Diem\",\"isPartOf\":{\"@id\":\"https:\/\/sandbox.resortcarpediem.com\/#website\"},\"datePublished\":\"2023-10-27T12:11:24+00:00\",\"dateModified\":\"2024-11-16T13:51:52+00:00\",\"inLanguage\":\"pt-PT\",\"potentialAction\":[{\"@type\":\"ReadAction\",\"target\":[\"https:\/\/sandbox.resortcarpediem.com\/index.php\/compra_express-sucesso\/\"]}]},{\"@type\":\"WebSite\",\"@id\":\"https:\/\/sandbox.resortcarpediem.com\/#website\",\"url\":\"https:\/\/sandbox.resortcarpediem.com\/\",\"name\":\"Carpe Diem\",\"description\":\"\",\"publisher\":{\"@id\":\"https:\/\/sandbox.resortcarpediem.com\/#organization\"},\"potentialAction\":[{\"@type\":\"SearchAction\",\"target\":{\"@type\":\"EntryPoint\",\"urlTemplate\":\"https:\/\/sandbox.resortcarpediem.com\/?s={search_term_string}\"},\"query-input\":\"required name=search_term_string\"}],\"inLanguage\":\"pt-PT\"},{\"@type\":\"Organization\",\"@id\":\"https:\/\/sandbox.resortcarpediem.com\/#organization\",\"name\":\"Carpe Diem\",\"url\":\"https:\/\/sandbox.resortcarpediem.com\/\",\"logo\":{\"@type\":\"ImageObject\",\"inLanguage\":\"pt-PT\",\"@id\":\"https:\/\/sandbox.resortcarpediem.com\/#\/schema\/logo\/image\/\",\"url\":\"https:\/\/sandbox.resortcarpediem.com\/wp-content\/uploads\/2023\/10\/Carpe-Diem-Logo2.png\",\"contentUrl\":\"https:\/\/sandbox.resortcarpediem.com\/wp-content\/uploads\/2023\/10\/Carpe-Diem-Logo2.png\",\"width\":3208,\"height\":1132,\"caption\":\"Carpe Diem\"},\"image\":{\"@id\":\"https:\/\/sandbox.resortcarpediem.com\/#\/schema\/logo\/image\/\"}}]}<\/script>\n<!-- \/ Yoast SEO plugin. -->","yoast_head_json":{"title":"- Carpe Diem","robots":{"index":"index","follow":"follow","max-snippet":"max-snippet:-1","max-image-preview":"max-image-preview:large","max-video-preview":"max-video-preview:-1"},"canonical":"https:\/\/sandbox.resortcarpediem.com\/index.php\/compra_express-sucesso\/","og_locale":"pt_PT","og_type":"article","og_title":"- Carpe Diem","og_description":"Pagamento conclu\u00eddo com Sucesso! A sua reserva est\u00e1 confirmada! Verifique a sua caixa de e-mail e prepara-se para uma experi\u00eancia incr\u00edvel. Obrigado por escolher-nos! Voltar ao In\u00edcio","og_url":"https:\/\/sandbox.resortcarpediem.com\/index.php\/compra_express-sucesso\/","og_site_name":"Carpe Diem","article_modified_time":"2024-11-16T13:51:52+00:00","twitter_card":"summary_large_image","twitter_misc":{"Tempo estimado de leitura":"1 minuto"},"schema":{"@context":"https:\/\/schema.org","@graph":[{"@type":"WebPage","@id":"https:\/\/sandbox.resortcarpediem.com\/index.php\/compra_express-sucesso\/","url":"https:\/\/sandbox.resortcarpediem.com\/index.php\/compra_express-sucesso\/","name":"- Carpe Diem","isPartOf":{"@id":"https:\/\/sandbox.resortcarpediem.com\/#website"},"datePublished":"2023-10-27T12:11:24+00:00","dateModified":"2024-11-16T13:51:52+00:00","inLanguage":"pt-PT","potentialAction":[{"@type":"ReadAction","target":["https:\/\/sandbox.resortcarpediem.com\/index.php\/compra_express-sucesso\/"]}]},{"@type":"WebSite","@id":"https:\/\/sandbox.resortcarpediem.com\/#website","url":"https:\/\/sandbox.resortcarpediem.com\/","name":"Carpe Diem","description":"","publisher":{"@id":"https:\/\/sandbox.resortcarpediem.com\/#organization"},"potentialAction":[{"@type":"SearchAction","target":{"@type":"EntryPoint","urlTemplate":"https:\/\/sandbox.resortcarpediem.com\/?s={search_term_string}"},"query-input":"required name=search_term_string"}],"inLanguage":"pt-PT"},{"@type":"Organization","@id":"https:\/\/sandbox.resortcarpediem.com\/#organization","name":"Carpe Diem","url":"https:\/\/sandbox.resortcarpediem.com\/","logo":{"@type":"ImageObject","inLanguage":"pt-PT","@id":"https:\/\/sandbox.resortcarpediem.com\/#\/schema\/logo\/image\/","url":"https:\/\/sandbox.resortcarpediem.com\/wp-content\/uploads\/2023\/10\/Carpe-Diem-Logo2.png","contentUrl":"https:\/\/sandbox.resortcarpediem.com\/wp-content\/uploads\/2023\/10\/Carpe-Diem-Logo2.png","width":3208,"height":1132,"caption":"Carpe Diem"},"image":{"@id":"https:\/\/sandbox.resortcarpediem.com\/#\/schema\/logo\/image\/"}}]}},"_links":{"self":[{"href":"https:\/\/sandbox.resortcarpediem.com\/index.php\/wp-json\/wp\/v2\/pages\/3798","targetHints":{"allow":["GET"]}}],"collection":[{"href":"https:\/\/sandbox.resortcarpediem.com\/index.php\/wp-json\/wp\/v2\/pages"}],"about":[{"href":"https:\/\/sandbox.resortcarpediem.com\/index.php\/wp-json\/wp\/v2\/types\/page"}],"author":[{"embeddable":true,"href":"https:\/\/sandbox.resortcarpediem.com\/index.php\/wp-json\/wp\/v2\/users\/1"}],"replies":[{"embeddable":true,"href":"https:\/\/sandbox.resortcarpediem.com\/index.php\/wp-json\/wp\/v2\/comments?post=3798"}],"version-history":[{"count":12,"href":"https:\/\/sandbox.resortcarpediem.com\/index.php\/wp-json\/wp\/v2\/pages\/3798\/revisions"}],"predecessor-version":[{"id":7437,"href":"https:\/\/sandbox.resortcarpediem.com\/index.php\/wp-json\/wp\/v2\/pages\/3798\/revisions\/7437"}],"wp:attachment":[{"href":"https:\/\/sandbox.resortcarpediem.com\/index.php\/wp-json\/wp\/v2\/media?parent=3798"}],"curies":[{"name":"wp","href":"https:\/\/api.w.org\/{rel}","templated":true}]}}