{"id":1511,"date":"2023-10-11T15:50:26","date_gmt":"2023-10-11T15:50:26","guid":{"rendered":"https:\/\/carpe-wp.yellen-corp.com\/?page_id=1511"},"modified":"2024-01-31T19:13:18","modified_gmt":"2024-01-31T19:13:18","slug":"safari","status":"publish","type":"page","link":"https:\/\/sandbox.resortcarpediem.com\/index.php\/safari\/","title":{"rendered":"Safari"},"content":{"rendered":"\t\t<div data-elementor-type=\"wp-page\" data-elementor-id=\"1511\" class=\"elementor elementor-1511\" data-elementor-post-type=\"page\">\n\t\t\t\t\t\t\t<div class=\"has_eae_slider elementor-element elementor-element-4607850 e-con-full e-flex wpr-particle-no wpr-jarallax-no wpr-parallax-no e-con e-parent\" data-id=\"4607850\" data-element_type=\"container\" data-settings=\"{&quot;background_background&quot;:&quot;video&quot;,&quot;background_video_link&quot;:&quot;https:\\\/\\\/youtu.be\\\/Bj4TBhj5xb0&quot;,&quot;background_video_start&quot;:4,&quot;background_play_on_mobile&quot;:&quot;yes&quot;,&quot;shape_divider_bottom&quot;:&quot;wave-brush&quot;,&quot;content_width&quot;:&quot;full&quot;}\" data-core-v316-plus=\"true\">\n\t\t<div class=\"elementor-background-video-container\">\n\t\t\t\t\t\t\t<div class=\"elementor-background-video-embed\"><\/div>\n\t\t\t\t\t\t<\/div>\t\t<div class=\"elementor-shape elementor-shape-bottom\" data-negative=\"false\">\n\t\t\t<svg xmlns=\"http:\/\/www.w3.org\/2000\/svg\" viewBox=\"0 0 283.5 27.8\" preserveAspectRatio=\"none\">\n\t<path class=\"elementor-shape-fill\" d=\"M283.5,9.7c0,0-7.3,4.3-14,4.6c-6.8,0.3-12.6,0-20.9-1.5c-11.3-2-33.1-10.1-44.7-5.7\ts-12.1,4.6-18,7.4c-6.6,3.2-20,9.6-36.6,9.3C131.6,23.5,99.5,7.2,86.3,8c-1.4,0.1-6.6,0.8-10.5,2c-3.8,1.2-9.4,3.8-17,4.7\tc-3.2,0.4-8.3,1.1-14.2,0.9c-1.5-0.1-6.3-0.4-12-1.6c-5.7-1.2-11-3.1-15.8-3.7C6.5,9.2,0,10.8,0,10.8V0h283.5V9.7z M260.8,11.3\tc-0.7-1-2-0.4-4.3-0.4c-2.3,0-6.1-1.2-5.8-1.1c0.3,0.1,3.1,1.5,6,1.9C259.7,12.2,261.4,12.3,260.8,11.3z M242.4,8.6\tc0,0-2.4-0.2-5.6-0.9c-3.2-0.8-10.3-2.8-15.1-3.5c-8.2-1.1-15.8,0-15.1,0.1c0.8,0.1,9.6-0.6,17.6,1.1c3.3,0.7,9.3,2.2,12.4,2.7\tC239.9,8.7,242.4,8.6,242.4,8.6z M185.2,8.5c1.7-0.7-13.3,4.7-18.5,6.1c-2.1,0.6-6.2,1.6-10,2c-3.9,0.4-8.9,0.4-8.8,0.5\tc0,0.2,5.8,0.8,11.2,0c5.4-0.8,5.2-1.1,7.6-1.6C170.5,14.7,183.5,9.2,185.2,8.5z M199.1,6.9c0.2,0-0.8-0.4-4.8,1.1\tc-4,1.5-6.7,3.5-6.9,3.7c-0.2,0.1,3.5-1.8,6.6-3C197,7.5,199,6.9,199.1,6.9z M283,6c-0.1,0.1-1.9,1.1-4.8,2.5s-6.9,2.8-6.7,2.7\tc0.2,0,3.5-0.6,7.4-2.5C282.8,6.8,283.1,5.9,283,6z M31.3,11.6c0.1-0.2-1.9-0.2-4.5-1.2s-5.4-1.6-7.8-2C15,7.6,7.3,8.5,7.7,8.6\tC8,8.7,15.9,8.3,20.2,9.3c2.2,0.5,2.4,0.5,5.7,1.6S31.2,11.9,31.3,11.6z M73,9.2c0.4-0.1,3.5-1.6,8.4-2.6c4.9-1.1,8.9-0.5,8.9-0.8\tc0-0.3-1-0.9-6.2-0.3S72.6,9.3,73,9.2z M71.6,6.7C71.8,6.8,75,5.4,77.3,5c2.3-0.3,1.9-0.5,1.9-0.6c0-0.1-1.1-0.2-2.7,0.2\tC74.8,5.1,71.4,6.6,71.6,6.7z M93.6,4.4c0.1,0.2,3.5,0.8,5.6,1.8c2.1,1,1.8,0.6,1.9,0.5c0.1-0.1-0.8-0.8-2.4-1.3\tC97.1,4.8,93.5,4.2,93.6,4.4z M65.4,11.1c-0.1,0.3,0.3,0.5,1.9-0.2s2.6-1.3,2.2-1.2s-0.9,0.4-2.5,0.8C65.3,10.9,65.5,10.8,65.4,11.1\tz M34.5,12.4c-0.2,0,2.1,0.8,3.3,0.9c1.2,0.1,2,0.1,2-0.2c0-0.3-0.1-0.5-1.6-0.4C36.6,12.8,34.7,12.4,34.5,12.4z M152.2,21.1\tc-0.1,0.1-2.4-0.3-7.5-0.3c-5,0-13.6-2.4-17.2-3.5c-3.6-1.1,10,3.9,16.5,4.1C150.5,21.6,152.3,21,152.2,21.1z\"\/>\n\t<path class=\"elementor-shape-fill\" d=\"M269.6,18c-0.1-0.1-4.6,0.3-7.2,0c-7.3-0.7-17-3.2-16.6-2.9c0.4,0.3,13.7,3.1,17,3.3\tC267.7,18.8,269.7,18,269.6,18z\"\/>\n\t<path class=\"elementor-shape-fill\" d=\"M227.4,9.8c-0.2-0.1-4.5-1-9.5-1.2c-5-0.2-12.7,0.6-12.3,0.5c0.3-0.1,5.9-1.8,13.3-1.2\tS227.6,9.9,227.4,9.8z\"\/>\n\t<path class=\"elementor-shape-fill\" d=\"M204.5,13.4c-0.1-0.1,2-1,3.2-1.1c1.2-0.1,2,0,2,0.3c0,0.3-0.1,0.5-1.6,0.4\tC206.4,12.9,204.6,13.5,204.5,13.4z\"\/>\n\t<path class=\"elementor-shape-fill\" d=\"M201,10.6c0-0.1-4.4,1.2-6.3,2.2c-1.9,0.9-6.2,3.1-6.1,3.1c0.1,0.1,4.2-1.6,6.3-2.6\tS201,10.7,201,10.6z\"\/>\n\t<path class=\"elementor-shape-fill\" d=\"M154.5,26.7c-0.1-0.1-4.6,0.3-7.2,0c-7.3-0.7-17-3.2-16.6-2.9c0.4,0.3,13.7,3.1,17,3.3\tC152.6,27.5,154.6,26.8,154.5,26.7z\"\/>\n\t<path class=\"elementor-shape-fill\" d=\"M41.9,19.3c0,0,1.2-0.3,2.9-0.1c1.7,0.2,5.8,0.9,8.2,0.7c4.2-0.4,7.4-2.7,7-2.6\tc-0.4,0-4.3,2.2-8.6,1.9c-1.8-0.1-5.1-0.5-6.7-0.4S41.9,19.3,41.9,19.3z\"\/>\n\t<path class=\"elementor-shape-fill\" d=\"M75.5,12.6c0.2,0.1,2-0.8,4.3-1.1c2.3-0.2,2.1-0.3,2.1-0.5c0-0.1-1.8-0.4-3.4,0\tC76.9,11.5,75.3,12.5,75.5,12.6z\"\/>\n\t<path class=\"elementor-shape-fill\" d=\"M15.6,13.2c0-0.1,4.3,0,6.7,0.5c2.4,0.5,5,1.9,5,2c0,0.1-2.7-0.8-5.1-1.4\tC19.9,13.7,15.7,13.3,15.6,13.2z\"\/>\n<\/svg>\t\t<\/div>\n\t\t\t\t<div class=\"elementor-element elementor-element-924c318 elementor-widget elementor-widget-heading\" data-id=\"924c318\" data-element_type=\"widget\" data-widget_type=\"heading.default\">\n\t\t\t\t<div class=\"elementor-widget-container\">\n\t\t\t<style>\/*! elementor - v3.16.0 - 09-10-2023 *\/\n.elementor-heading-title{padding:0;margin:0;line-height:1}.elementor-widget-heading .elementor-heading-title[class*=elementor-size-]>a{color:inherit;font-size:inherit;line-height:inherit}.elementor-widget-heading .elementor-heading-title.elementor-size-small{font-size:15px}.elementor-widget-heading .elementor-heading-title.elementor-size-medium{font-size:19px}.elementor-widget-heading .elementor-heading-title.elementor-size-large{font-size:29px}.elementor-widget-heading .elementor-heading-title.elementor-size-xl{font-size:39px}.elementor-widget-heading .elementor-heading-title.elementor-size-xxl{font-size:59px}<\/style><h1 class=\"elementor-heading-title elementor-size-default\">Safaris<\/h1>\t\t<\/div>\n\t\t\t\t<\/div>\n\t\t\t\t<\/div>\n\t\t\t\t<section class=\"has_eae_slider elementor-section elementor-top-section elementor-element elementor-element-5f04eb2 elementor-section-boxed elementor-section-height-default elementor-section-height-default wpr-particle-no wpr-jarallax-no wpr-parallax-no wpr-sticky-section-no\" data-id=\"5f04eb2\" data-element_type=\"section\">\n\t\t\t\t\t\t<div class=\"elementor-container elementor-column-gap-default\">\n\t\t\t\t\t<div class=\"has_eae_slider elementor-column elementor-col-33 elementor-top-column elementor-element elementor-element-2fe97e4 elementor-invisible\" data-id=\"2fe97e4\" data-element_type=\"column\" data-settings=\"{&quot;animation&quot;:&quot;fadeInUp&quot;}\">\n\t\t\t<div class=\"elementor-widget-wrap elementor-element-populated\">\n\t\t\t\t\t\t\t\t<div class=\"elementor-element elementor-element-5bb33a5 elementor-widget elementor-widget-heading\" data-id=\"5bb33a5\" data-element_type=\"widget\" data-widget_type=\"heading.default\">\n\t\t\t\t<div class=\"elementor-widget-container\">\n\t\t\t<h2 class=\"elementor-heading-title elementor-size-default\">O elefante, a girafa e o ant\u00edlope esperam por si!<\/h2>\t\t<\/div>\n\t\t\t\t<\/div>\n\t\t\t\t<div class=\"elementor-element elementor-element-6e062a3 elementor-widget-divider--view-line elementor-widget elementor-widget-divider\" data-id=\"6e062a3\" data-element_type=\"widget\" data-widget_type=\"divider.default\">\n\t\t\t\t<div class=\"elementor-widget-container\">\n\t\t\t<style>\/*! elementor - v3.16.0 - 09-10-2023 *\/\n.elementor-widget-divider{--divider-border-style:none;--divider-border-width:1px;--divider-color:#0c0d0e;--divider-icon-size:20px;--divider-element-spacing:10px;--divider-pattern-height:24px;--divider-pattern-size:20px;--divider-pattern-url:none;--divider-pattern-repeat:repeat-x}.elementor-widget-divider .elementor-divider{display:flex}.elementor-widget-divider .elementor-divider__text{font-size:15px;line-height:1;max-width:95%}.elementor-widget-divider .elementor-divider__element{margin:0 var(--divider-element-spacing);flex-shrink:0}.elementor-widget-divider .elementor-icon{font-size:var(--divider-icon-size)}.elementor-widget-divider .elementor-divider-separator{display:flex;margin:0;direction:ltr}.elementor-widget-divider--view-line_icon .elementor-divider-separator,.elementor-widget-divider--view-line_text .elementor-divider-separator{align-items:center}.elementor-widget-divider--view-line_icon .elementor-divider-separator:after,.elementor-widget-divider--view-line_icon .elementor-divider-separator:before,.elementor-widget-divider--view-line_text .elementor-divider-separator:after,.elementor-widget-divider--view-line_text .elementor-divider-separator:before{display:block;content:\"\";border-bottom:0;flex-grow:1;border-top:var(--divider-border-width) var(--divider-border-style) var(--divider-color)}.elementor-widget-divider--element-align-left .elementor-divider .elementor-divider-separator>.elementor-divider__svg:first-of-type{flex-grow:0;flex-shrink:100}.elementor-widget-divider--element-align-left .elementor-divider-separator:before{content:none}.elementor-widget-divider--element-align-left .elementor-divider__element{margin-left:0}.elementor-widget-divider--element-align-right .elementor-divider .elementor-divider-separator>.elementor-divider__svg:last-of-type{flex-grow:0;flex-shrink:100}.elementor-widget-divider--element-align-right .elementor-divider-separator:after{content:none}.elementor-widget-divider--element-align-right .elementor-divider__element{margin-right:0}.elementor-widget-divider:not(.elementor-widget-divider--view-line_text):not(.elementor-widget-divider--view-line_icon) .elementor-divider-separator{border-top:var(--divider-border-width) var(--divider-border-style) var(--divider-color)}.elementor-widget-divider--separator-type-pattern{--divider-border-style:none}.elementor-widget-divider--separator-type-pattern.elementor-widget-divider--view-line .elementor-divider-separator,.elementor-widget-divider--separator-type-pattern:not(.elementor-widget-divider--view-line) .elementor-divider-separator:after,.elementor-widget-divider--separator-type-pattern:not(.elementor-widget-divider--view-line) .elementor-divider-separator:before,.elementor-widget-divider--separator-type-pattern:not([class*=elementor-widget-divider--view]) .elementor-divider-separator{width:100%;min-height:var(--divider-pattern-height);-webkit-mask-size:var(--divider-pattern-size) 100%;mask-size:var(--divider-pattern-size) 100%;-webkit-mask-repeat:var(--divider-pattern-repeat);mask-repeat:var(--divider-pattern-repeat);background-color:var(--divider-color);-webkit-mask-image:var(--divider-pattern-url);mask-image:var(--divider-pattern-url)}.elementor-widget-divider--no-spacing{--divider-pattern-size:auto}.elementor-widget-divider--bg-round{--divider-pattern-repeat:round}.rtl .elementor-widget-divider .elementor-divider__text{direction:rtl}.e-con-inner>.elementor-widget-divider,.e-con>.elementor-widget-divider{width:var(--container-widget-width,100%);--flex-grow:var(--container-widget-flex-grow)}<\/style>\t\t<div class=\"elementor-divider\">\n\t\t\t<span class=\"elementor-divider-separator\">\n\t\t\t\t\t\t<\/span>\n\t\t<\/div>\n\t\t\t\t<\/div>\n\t\t\t\t<\/div>\n\t\t\t\t<div class=\"elementor-element elementor-element-0955a47 elementor-widget elementor-widget-text-editor\" data-id=\"0955a47\" data-element_type=\"widget\" data-widget_type=\"text-editor.default\">\n\t\t\t\t<div class=\"elementor-widget-container\">\n\t\t\t<style>\/*! elementor - v3.16.0 - 09-10-2023 *\/\n.elementor-widget-text-editor.elementor-drop-cap-view-stacked .elementor-drop-cap{background-color:#69727d;color:#fff}.elementor-widget-text-editor.elementor-drop-cap-view-framed .elementor-drop-cap{color:#69727d;border:3px solid;background-color:transparent}.elementor-widget-text-editor:not(.elementor-drop-cap-view-default) .elementor-drop-cap{margin-top:8px}.elementor-widget-text-editor:not(.elementor-drop-cap-view-default) .elementor-drop-cap-letter{width:1em;height:1em}.elementor-widget-text-editor .elementor-drop-cap{float:left;text-align:center;line-height:1;font-size:50px}.elementor-widget-text-editor .elementor-drop-cap-letter{display:inline-block}<\/style>\t\t\t\t<p>O nosso safari car \u00e9 uma das atrac\u00e7\u00f5es da regi\u00e3o. Conte com a experi\u00eancia de guias especializados no Parque Nacional da Qui\u00e7ama e n\u00e3o deixe passar a oportunidade de viver uma aventura.<\/p>\t\t\t\t\t\t<\/div>\n\t\t\t\t<\/div>\n\t\t\t\t<div class=\"elementor-element elementor-element-6dcd21e elementor-widget__width-initial elementor-widget elementor-widget-text-editor\" data-id=\"6dcd21e\" data-element_type=\"widget\" data-widget_type=\"text-editor.default\">\n\t\t\t\t<div class=\"elementor-widget-container\">\n\t\t\t\t\t\t\t<p><strong>Contacte-nos para reservas e esclarecimento de todas as quest\u00f5es.<\/strong><\/p>\t\t\t\t\t\t<\/div>\n\t\t\t\t<\/div>\n\t\t\t\t<div class=\"elementor-element elementor-element-5b80184 elementor-tablet-align-left elementor-mobile-align-center elementor-align-left elementor-widget elementor-widget-button\" data-id=\"5b80184\" data-element_type=\"widget\" data-widget_type=\"button.default\">\n\t\t\t\t<div class=\"elementor-widget-container\">\n\t\t\t\t\t<div class=\"elementor-button-wrapper\">\n\t\t\t<a class=\"elementor-button elementor-button-link elementor-size-md elementor-animation-float\" href=\"\/index.php\/contactos\/\">\n\t\t\t\t\t\t<span class=\"elementor-button-content-wrapper\">\n\t\t\t\t\t\t<span class=\"elementor-button-text\">ENTRAR EM CONTACTO<\/span>\n\t\t<\/span>\n\t\t\t\t\t<\/a>\n\t\t<\/div>\n\t\t\t\t<\/div>\n\t\t\t\t<\/div>\n\t\t\t\t\t<\/div>\n\t\t<\/div>\n\t\t\t\t<div class=\"has_eae_slider elementor-column elementor-col-33 elementor-top-column elementor-element elementor-element-68d00a1 elementor-invisible\" data-id=\"68d00a1\" data-element_type=\"column\" data-settings=\"{&quot;animation&quot;:&quot;fadeInRight&quot;}\">\n\t\t\t<div class=\"elementor-widget-wrap elementor-element-populated\">\n\t\t\t\t\t\t\t\t<div class=\"elementor-element elementor-element-c95c295 elementor-widget elementor-widget-image\" data-id=\"c95c295\" data-element_type=\"widget\" data-widget_type=\"image.default\">\n\t\t\t\t<div class=\"elementor-widget-container\">\n\t\t\t<style>\/*! elementor - v3.16.0 - 09-10-2023 *\/\n.elementor-widget-image{text-align:center}.elementor-widget-image a{display:inline-block}.elementor-widget-image a img[src$=\".svg\"]{width:48px}.elementor-widget-image img{vertical-align:middle;display:inline-block}<\/style>\t\t\t\t\t\t\t\t\t\t\t\t<img decoding=\"async\" width=\"960\" height=\"540\" src=\"https:\/\/sandbox.resortcarpediem.com\/wp-content\/uploads\/2023\/12\/Imagem-WhatsApp-2023-12-08-as-00.53.06_77963114.jpg\" class=\"attachment-large size-large wp-image-6052\" alt=\"\" srcset=\"https:\/\/sandbox.resortcarpediem.com\/wp-content\/uploads\/2023\/12\/Imagem-WhatsApp-2023-12-08-as-00.53.06_77963114.jpg 1024w, https:\/\/sandbox.resortcarpediem.com\/wp-content\/uploads\/2023\/12\/Imagem-WhatsApp-2023-12-08-as-00.53.06_77963114-300x169.jpg 300w, https:\/\/sandbox.resortcarpediem.com\/wp-content\/uploads\/2023\/12\/Imagem-WhatsApp-2023-12-08-as-00.53.06_77963114-768x432.jpg 768w\" sizes=\"(max-width: 960px) 100vw, 960px\" \/>\t\t\t\t\t\t\t\t\t\t\t\t\t\t\t<\/div>\n\t\t\t\t<\/div>\n\t\t\t\t<div class=\"elementor-element elementor-element-b99d583 elementor-widget elementor-widget-image\" data-id=\"b99d583\" data-element_type=\"widget\" data-widget_type=\"image.default\">\n\t\t\t\t<div class=\"elementor-widget-container\">\n\t\t\t\t\t\t\t\t\t\t\t\t\t\t\t<img decoding=\"async\" width=\"960\" height=\"540\" src=\"https:\/\/sandbox.resortcarpediem.com\/wp-content\/uploads\/2023\/12\/Imagem-WhatsApp-2023-12-08-as-00.53.06_ccef2269.jpg\" class=\"attachment-large size-large wp-image-6051\" alt=\"\" srcset=\"https:\/\/sandbox.resortcarpediem.com\/wp-content\/uploads\/2023\/12\/Imagem-WhatsApp-2023-12-08-as-00.53.06_ccef2269.jpg 1024w, https:\/\/sandbox.resortcarpediem.com\/wp-content\/uploads\/2023\/12\/Imagem-WhatsApp-2023-12-08-as-00.53.06_ccef2269-300x169.jpg 300w, https:\/\/sandbox.resortcarpediem.com\/wp-content\/uploads\/2023\/12\/Imagem-WhatsApp-2023-12-08-as-00.53.06_ccef2269-768x432.jpg 768w\" sizes=\"(max-width: 960px) 100vw, 960px\" \/>\t\t\t\t\t\t\t\t\t\t\t\t\t\t\t<\/div>\n\t\t\t\t<\/div>\n\t\t\t\t\t<\/div>\n\t\t<\/div>\n\t\t\t\t<div class=\"has_eae_slider elementor-column elementor-col-33 elementor-top-column elementor-element elementor-element-bc8e759 elementor-invisible\" data-id=\"bc8e759\" data-element_type=\"column\" data-settings=\"{&quot;animation&quot;:&quot;fadeInRight&quot;}\">\n\t\t\t<div class=\"elementor-widget-wrap elementor-element-populated\">\n\t\t\t\t\t\t\t\t<div class=\"elementor-element elementor-element-8402750 elementor-widget elementor-widget-image\" data-id=\"8402750\" data-element_type=\"widget\" data-widget_type=\"image.default\">\n\t\t\t\t<div class=\"elementor-widget-container\">\n\t\t\t\t\t\t\t\t\t\t\t\t\t\t\t<img decoding=\"async\" width=\"960\" height=\"643\" src=\"https:\/\/sandbox.resortcarpediem.com\/wp-content\/uploads\/2023\/12\/10007471_10201011692734469_3652444227175061802_n.webp\" class=\"attachment-large size-large wp-image-6054\" alt=\"\" srcset=\"https:\/\/sandbox.resortcarpediem.com\/wp-content\/uploads\/2023\/12\/10007471_10201011692734469_3652444227175061802_n.webp 960w, https:\/\/sandbox.resortcarpediem.com\/wp-content\/uploads\/2023\/12\/10007471_10201011692734469_3652444227175061802_n-300x201.webp 300w, https:\/\/sandbox.resortcarpediem.com\/wp-content\/uploads\/2023\/12\/10007471_10201011692734469_3652444227175061802_n-768x514.webp 768w\" sizes=\"(max-width: 960px) 100vw, 960px\" \/>\t\t\t\t\t\t\t\t\t\t\t\t\t\t\t<\/div>\n\t\t\t\t<\/div>\n\t\t\t\t<div class=\"elementor-element elementor-element-fdc1cb8 elementor-widget elementor-widget-image\" data-id=\"fdc1cb8\" data-element_type=\"widget\" data-widget_type=\"image.default\">\n\t\t\t\t<div class=\"elementor-widget-container\">\n\t\t\t\t\t\t\t\t\t\t\t\t\t\t\t<img decoding=\"async\" width=\"640\" height=\"420\" src=\"https:\/\/sandbox.resortcarpediem.com\/wp-content\/uploads\/2023\/12\/Parque-Nacional-da-Quicama_01-640x420-1.jpg\" class=\"attachment-large size-large wp-image-6055\" alt=\"\" srcset=\"https:\/\/sandbox.resortcarpediem.com\/wp-content\/uploads\/2023\/12\/Parque-Nacional-da-Quicama_01-640x420-1.jpg 640w, https:\/\/sandbox.resortcarpediem.com\/wp-content\/uploads\/2023\/12\/Parque-Nacional-da-Quicama_01-640x420-1-300x197.jpg 300w\" sizes=\"(max-width: 640px) 100vw, 640px\" \/>\t\t\t\t\t\t\t\t\t\t\t\t\t\t\t<\/div>\n\t\t\t\t<\/div>\n\t\t\t\t\t<\/div>\n\t\t<\/div>\n\t\t\t\t\t\t\t<\/div>\n\t\t<\/section>\n\t\t\t\t\t\t\t<\/div>\n\t\t","protected":false},"excerpt":{"rendered":"<p>Safaris O elefante, a girafa e o ant\u00edlope esperam por si! O nosso safari car \u00e9 uma das atrac\u00e7\u00f5es da regi\u00e3o. Conte com a experi\u00eancia de guias especializados no Parque Nacional da Qui\u00e7ama e n\u00e3o deixe passar a oportunidade de viver uma aventura. Contacte-nos para reservas e esclarecimento de todas as quest\u00f5es. ENTRAR EM CONTACTO<\/p>\n","protected":false},"author":1,"featured_media":0,"parent":0,"menu_order":0,"comment_status":"closed","ping_status":"closed","template":"elementor_header_footer","meta":{"om_disable_all_campaigns":false,"_monsterinsights_skip_tracking":false,"_monsterinsights_sitenote_active":false,"_monsterinsights_sitenote_note":"","_monsterinsights_sitenote_category":0,"_uf_show_specific_survey":0,"_uf_disable_surveys":false,"footnotes":""},"class_list":["post-1511","page","type-page","status-publish","hentry"],"aioseo_notices":[],"yoast_head":"<!-- This site is optimized with the Yoast SEO plugin v21.5 - https:\/\/yoast.com\/wordpress\/plugins\/seo\/ -->\n<title>Safari - Carpe Diem<\/title>\n<meta name=\"robots\" content=\"index, follow, max-snippet:-1, max-image-preview:large, max-video-preview:-1\" \/>\n<link rel=\"canonical\" href=\"https:\/\/sandbox.resortcarpediem.com\/index.php\/safari\/\" \/>\n<meta property=\"og:locale\" content=\"pt_PT\" \/>\n<meta property=\"og:type\" content=\"article\" \/>\n<meta property=\"og:title\" content=\"Safari - Carpe Diem\" \/>\n<meta property=\"og:description\" content=\"Safaris O elefante, a girafa e o ant\u00edlope esperam por si! O nosso safari car \u00e9 uma das atrac\u00e7\u00f5es da regi\u00e3o. Conte com a experi\u00eancia de guias especializados no Parque Nacional da Qui\u00e7ama e n\u00e3o deixe passar a oportunidade de viver uma aventura. Contacte-nos para reservas e esclarecimento de todas as quest\u00f5es. ENTRAR EM CONTACTO\" \/>\n<meta property=\"og:url\" content=\"https:\/\/sandbox.resortcarpediem.com\/index.php\/safari\/\" \/>\n<meta property=\"og:site_name\" content=\"Carpe Diem\" \/>\n<meta property=\"article:modified_time\" content=\"2024-01-31T19:13:18+00:00\" \/>\n<meta property=\"og:image\" content=\"https:\/\/carpe-wp.yellen-corp.com\/wp-content\/uploads\/2023\/12\/Imagem-WhatsApp-2023-12-08-as-00.53.06_77963114.jpg\" \/>\n<meta name=\"twitter:card\" content=\"summary_large_image\" \/>\n<meta name=\"twitter:label1\" content=\"Tempo estimado de leitura\" \/>\n\t<meta name=\"twitter:data1\" content=\"2 minutos\" \/>\n<script type=\"application\/ld+json\" class=\"yoast-schema-graph\">{\"@context\":\"https:\/\/schema.org\",\"@graph\":[{\"@type\":\"WebPage\",\"@id\":\"https:\/\/sandbox.resortcarpediem.com\/index.php\/safari\/\",\"url\":\"https:\/\/sandbox.resortcarpediem.com\/index.php\/safari\/\",\"name\":\"Safari - Carpe Diem\",\"isPartOf\":{\"@id\":\"https:\/\/sandbox.resortcarpediem.com\/#website\"},\"datePublished\":\"2023-10-11T15:50:26+00:00\",\"dateModified\":\"2024-01-31T19:13:18+00:00\",\"breadcrumb\":{\"@id\":\"https:\/\/sandbox.resortcarpediem.com\/index.php\/safari\/#breadcrumb\"},\"inLanguage\":\"pt-PT\",\"potentialAction\":[{\"@type\":\"ReadAction\",\"target\":[\"https:\/\/sandbox.resortcarpediem.com\/index.php\/safari\/\"]}]},{\"@type\":\"BreadcrumbList\",\"@id\":\"https:\/\/sandbox.resortcarpediem.com\/index.php\/safari\/#breadcrumb\",\"itemListElement\":[{\"@type\":\"ListItem\",\"position\":1,\"name\":\"In\u00edcio\",\"item\":\"https:\/\/sandbox.resortcarpediem.com\/\"},{\"@type\":\"ListItem\",\"position\":2,\"name\":\"Safari\"}]},{\"@type\":\"WebSite\",\"@id\":\"https:\/\/sandbox.resortcarpediem.com\/#website\",\"url\":\"https:\/\/sandbox.resortcarpediem.com\/\",\"name\":\"Carpe Diem\",\"description\":\"\",\"publisher\":{\"@id\":\"https:\/\/sandbox.resortcarpediem.com\/#organization\"},\"potentialAction\":[{\"@type\":\"SearchAction\",\"target\":{\"@type\":\"EntryPoint\",\"urlTemplate\":\"https:\/\/sandbox.resortcarpediem.com\/?s={search_term_string}\"},\"query-input\":\"required name=search_term_string\"}],\"inLanguage\":\"pt-PT\"},{\"@type\":\"Organization\",\"@id\":\"https:\/\/sandbox.resortcarpediem.com\/#organization\",\"name\":\"Carpe Diem\",\"url\":\"https:\/\/sandbox.resortcarpediem.com\/\",\"logo\":{\"@type\":\"ImageObject\",\"inLanguage\":\"pt-PT\",\"@id\":\"https:\/\/sandbox.resortcarpediem.com\/#\/schema\/logo\/image\/\",\"url\":\"https:\/\/sandbox.resortcarpediem.com\/wp-content\/uploads\/2023\/10\/Carpe-Diem-Logo2.png\",\"contentUrl\":\"https:\/\/sandbox.resortcarpediem.com\/wp-content\/uploads\/2023\/10\/Carpe-Diem-Logo2.png\",\"width\":3208,\"height\":1132,\"caption\":\"Carpe Diem\"},\"image\":{\"@id\":\"https:\/\/sandbox.resortcarpediem.com\/#\/schema\/logo\/image\/\"}}]}<\/script>\n<!-- \/ Yoast SEO plugin. -->","yoast_head_json":{"title":"Safari - Carpe Diem","robots":{"index":"index","follow":"follow","max-snippet":"max-snippet:-1","max-image-preview":"max-image-preview:large","max-video-preview":"max-video-preview:-1"},"canonical":"https:\/\/sandbox.resortcarpediem.com\/index.php\/safari\/","og_locale":"pt_PT","og_type":"article","og_title":"Safari - Carpe Diem","og_description":"Safaris O elefante, a girafa e o ant\u00edlope esperam por si! O nosso safari car \u00e9 uma das atrac\u00e7\u00f5es da regi\u00e3o. Conte com a experi\u00eancia de guias especializados no Parque Nacional da Qui\u00e7ama e n\u00e3o deixe passar a oportunidade de viver uma aventura. Contacte-nos para reservas e esclarecimento de todas as quest\u00f5es. ENTRAR EM CONTACTO","og_url":"https:\/\/sandbox.resortcarpediem.com\/index.php\/safari\/","og_site_name":"Carpe Diem","article_modified_time":"2024-01-31T19:13:18+00:00","og_image":[{"url":"https:\/\/carpe-wp.yellen-corp.com\/wp-content\/uploads\/2023\/12\/Imagem-WhatsApp-2023-12-08-as-00.53.06_77963114.jpg"}],"twitter_card":"summary_large_image","twitter_misc":{"Tempo estimado de leitura":"2 minutos"},"schema":{"@context":"https:\/\/schema.org","@graph":[{"@type":"WebPage","@id":"https:\/\/sandbox.resortcarpediem.com\/index.php\/safari\/","url":"https:\/\/sandbox.resortcarpediem.com\/index.php\/safari\/","name":"Safari - Carpe Diem","isPartOf":{"@id":"https:\/\/sandbox.resortcarpediem.com\/#website"},"datePublished":"2023-10-11T15:50:26+00:00","dateModified":"2024-01-31T19:13:18+00:00","breadcrumb":{"@id":"https:\/\/sandbox.resortcarpediem.com\/index.php\/safari\/#breadcrumb"},"inLanguage":"pt-PT","potentialAction":[{"@type":"ReadAction","target":["https:\/\/sandbox.resortcarpediem.com\/index.php\/safari\/"]}]},{"@type":"BreadcrumbList","@id":"https:\/\/sandbox.resortcarpediem.com\/index.php\/safari\/#breadcrumb","itemListElement":[{"@type":"ListItem","position":1,"name":"In\u00edcio","item":"https:\/\/sandbox.resortcarpediem.com\/"},{"@type":"ListItem","position":2,"name":"Safari"}]},{"@type":"WebSite","@id":"https:\/\/sandbox.resortcarpediem.com\/#website","url":"https:\/\/sandbox.resortcarpediem.com\/","name":"Carpe Diem","description":"","publisher":{"@id":"https:\/\/sandbox.resortcarpediem.com\/#organization"},"potentialAction":[{"@type":"SearchAction","target":{"@type":"EntryPoint","urlTemplate":"https:\/\/sandbox.resortcarpediem.com\/?s={search_term_string}"},"query-input":"required name=search_term_string"}],"inLanguage":"pt-PT"},{"@type":"Organization","@id":"https:\/\/sandbox.resortcarpediem.com\/#organization","name":"Carpe Diem","url":"https:\/\/sandbox.resortcarpediem.com\/","logo":{"@type":"ImageObject","inLanguage":"pt-PT","@id":"https:\/\/sandbox.resortcarpediem.com\/#\/schema\/logo\/image\/","url":"https:\/\/sandbox.resortcarpediem.com\/wp-content\/uploads\/2023\/10\/Carpe-Diem-Logo2.png","contentUrl":"https:\/\/sandbox.resortcarpediem.com\/wp-content\/uploads\/2023\/10\/Carpe-Diem-Logo2.png","width":3208,"height":1132,"caption":"Carpe Diem"},"image":{"@id":"https:\/\/sandbox.resortcarpediem.com\/#\/schema\/logo\/image\/"}}]}},"_links":{"self":[{"href":"https:\/\/sandbox.resortcarpediem.com\/index.php\/wp-json\/wp\/v2\/pages\/1511","targetHints":{"allow":["GET"]}}],"collection":[{"href":"https:\/\/sandbox.resortcarpediem.com\/index.php\/wp-json\/wp\/v2\/pages"}],"about":[{"href":"https:\/\/sandbox.resortcarpediem.com\/index.php\/wp-json\/wp\/v2\/types\/page"}],"author":[{"embeddable":true,"href":"https:\/\/sandbox.resortcarpediem.com\/index.php\/wp-json\/wp\/v2\/users\/1"}],"replies":[{"embeddable":true,"href":"https:\/\/sandbox.resortcarpediem.com\/index.php\/wp-json\/wp\/v2\/comments?post=1511"}],"version-history":[{"count":94,"href":"https:\/\/sandbox.resortcarpediem.com\/index.php\/wp-json\/wp\/v2\/pages\/1511\/revisions"}],"predecessor-version":[{"id":6633,"href":"https:\/\/sandbox.resortcarpediem.com\/index.php\/wp-json\/wp\/v2\/pages\/1511\/revisions\/6633"}],"wp:attachment":[{"href":"https:\/\/sandbox.resortcarpediem.com\/index.php\/wp-json\/wp\/v2\/media?parent=1511"}],"curies":[{"name":"wp","href":"https:\/\/api.w.org\/{rel}","templated":true}]}}